{"id":7,"date":"2020-03-24T14:33:27","date_gmt":"2020-03-24T13:33:27","guid":{"rendered":"http:\/\/pfleger.uber.space\/?page_id=7"},"modified":"2020-03-24T18:09:24","modified_gmt":"2020-03-24T17:09:24","slug":"about","status":"publish","type":"page","link":"https:\/\/elisabeth-pfleger.de\/","title":{"rendered":"\u00dcber mich"},"content":{"rendered":"\n<figure class=\"wp-block-image size-large\"><img loading=\"lazy\" decoding=\"async\" width=\"300\" height=\"215\" src=\"https:\/\/pfleger.uber.space\/wp-content\/uploads\/2020\/03\/portrait2.jpg\" alt=\"\" class=\"wp-image-36\"\/><\/figure>\n\n\n\n<p>Studium der Rechtswissenschaften in Regensburg und Athens, Georgia, USA.<br>Rechtsanw\u00e4ltin seit April 2003, Fachanw\u00e4ltin f\u00fcr Familienrecht seit November 2011. <\/p>\n","protected":false},"excerpt":{"rendered":"<p>Studium der Rechtswissenschaften in Regensburg und Athens, Georgia, USA.Rechtsanw\u00e4ltin seit April 2003, Fachanw\u00e4ltin f\u00fcr Familienrecht seit November 2011.<\/p>\n","protected":false},"author":1,"featured_media":0,"parent":0,"menu_order":0,"comment_status":"closed","ping_status":"closed","template":"","meta":{"footnotes":""},"class_list":["post-7","page","type-page","status-publish","hentry"],"_links":{"self":[{"href":"https:\/\/elisabeth-pfleger.de\/index.php?rest_route=\/wp\/v2\/pages\/7","targetHints":{"allow":["GET"]}}],"collection":[{"href":"https:\/\/elisabeth-pfleger.de\/index.php?rest_route=\/wp\/v2\/pages"}],"about":[{"href":"https:\/\/elisabeth-pfleger.de\/index.php?rest_route=\/wp\/v2\/types\/page"}],"author":[{"embeddable":true,"href":"https:\/\/elisabeth-pfleger.de\/index.php?rest_route=\/wp\/v2\/users\/1"}],"replies":[{"embeddable":true,"href":"https:\/\/elisabeth-pfleger.de\/index.php?rest_route=%2Fwp%2Fv2%2Fcomments&post=7"}],"version-history":[{"count":5,"href":"https:\/\/elisabeth-pfleger.de\/index.php?rest_route=\/wp\/v2\/pages\/7\/revisions"}],"predecessor-version":[{"id":97,"href":"https:\/\/elisabeth-pfleger.de\/index.php?rest_route=\/wp\/v2\/pages\/7\/revisions\/97"}],"wp:attachment":[{"href":"https:\/\/elisabeth-pfleger.de\/index.php?rest_route=%2Fwp%2Fv2%2Fmedia&parent=7"}],"curies":[{"name":"wp","href":"https:\/\/api.w.org\/{rel}","templated":true}]}}